{"id":10,"date":"2023-01-26T15:32:36","date_gmt":"2023-01-26T15:32:36","guid":{"rendered":"https:\/\/montage-sk.de\/?page_id=10"},"modified":"2023-02-27T19:09:33","modified_gmt":"2023-02-27T19:09:33","slug":"ihr-handwerker-in-hamburg","status":"publish","type":"page","link":"https:\/\/montage-sk.de\/","title":{"rendered":"Montage SK"},"content":{"rendered":"","protected":false},"excerpt":{"rendered":"","protected":false},"author":1,"featured_media":95,"parent":0,"menu_order":0,"comment_status":"closed","ping_status":"closed","template":"","meta":[],"yoast_head":"<!-- This site is optimized with the Yoast SEO plugin v20.1 - https:\/\/yoast.com\/wordpress\/plugins\/seo\/ -->\n<title>Montage Sven Kleinst\u00fcck - Ihr Handwerker in Hamburg<\/title>\n<meta name=\"description\" content=\"Als selbst\u00e4ndiger Handwerker der Experte rund um die eigenen Vier-W\u00e4nde in und um Hamburg. Malerarbeiten, Fliesenarbeiten &amp; Bodenbel\u00e4ge.\" \/>\n<meta name=\"robots\" content=\"index, follow, max-snippet:-1, max-image-preview:large, max-video-preview:-1\" \/>\n<link rel=\"canonical\" href=\"https:\/\/montage-sk.de\/\" \/>\n<meta property=\"og:locale\" content=\"de_DE\" \/>\n<meta property=\"og:type\" content=\"article\" \/>\n<meta property=\"og:title\" content=\"Montage Sven Kleinst\u00fcck - Ihr Handwerker in Hamburg\" \/>\n<meta property=\"og:description\" content=\"Als selbst\u00e4ndiger Handwerker der Experte rund um die eigenen Vier-W\u00e4nde in und um Hamburg. Malerarbeiten, Fliesenarbeiten &amp; Bodenbel\u00e4ge.\" \/>\n<meta property=\"og:url\" content=\"https:\/\/montage-sk.de\/\" \/>\n<meta property=\"og:site_name\" content=\"Montage Sven Kleinst\u00fcck\" \/>\n<meta property=\"article:modified_time\" content=\"2023-02-27T19:09:33+00:00\" \/>\n<meta property=\"og:image\" content=\"https:\/\/montage-sk.de\/wp-content\/uploads\/2023\/01\/sven_neu.png\" \/>\n\t<meta property=\"og:image:width\" content=\"900\" \/>\n\t<meta property=\"og:image:height\" content=\"882\" \/>\n\t<meta property=\"og:image:type\" content=\"image\/png\" \/>\n<meta name=\"twitter:card\" content=\"summary_large_image\" \/>\n<script type=\"application\/ld+json\" class=\"yoast-schema-graph\">{\"@context\":\"https:\/\/schema.org\",\"@graph\":[{\"@type\":\"WebPage\",\"@id\":\"https:\/\/montage-sk.de\/\",\"url\":\"https:\/\/montage-sk.de\/\",\"name\":\"Montage Sven Kleinst\u00fcck - Ihr Handwerker in Hamburg\",\"isPartOf\":{\"@id\":\"https:\/\/montage-sk.de\/#website\"},\"datePublished\":\"2023-01-26T15:32:36+00:00\",\"dateModified\":\"2023-02-27T19:09:33+00:00\",\"description\":\"Als selbst\u00e4ndiger Handwerker der Experte rund um die eigenen Vier-W\u00e4nde in und um Hamburg. Malerarbeiten, Fliesenarbeiten & Bodenbel\u00e4ge.\",\"breadcrumb\":{\"@id\":\"https:\/\/montage-sk.de\/#breadcrumb\"},\"inLanguage\":\"de\",\"potentialAction\":[{\"@type\":\"ReadAction\",\"target\":[\"https:\/\/montage-sk.de\/\"]}]},{\"@type\":\"BreadcrumbList\",\"@id\":\"https:\/\/montage-sk.de\/#breadcrumb\",\"itemListElement\":[{\"@type\":\"ListItem\",\"position\":1,\"name\":\"Startseite\",\"item\":\"https:\/\/montage-sk.de\/\"},{\"@type\":\"ListItem\",\"position\":2,\"name\":\"Montage SK\"}]},{\"@type\":\"WebSite\",\"@id\":\"https:\/\/montage-sk.de\/#website\",\"url\":\"https:\/\/montage-sk.de\/\",\"name\":\"Montage Sven Kleinst\u00fcck\",\"description\":\"\",\"publisher\":{\"@id\":\"https:\/\/montage-sk.de\/#organization\"},\"potentialAction\":[{\"@type\":\"SearchAction\",\"target\":{\"@type\":\"EntryPoint\",\"urlTemplate\":\"https:\/\/montage-sk.de\/?s={search_term_string}\"},\"query-input\":\"required name=search_term_string\"}],\"inLanguage\":\"de\"},{\"@type\":\"Organization\",\"@id\":\"https:\/\/montage-sk.de\/#organization\",\"name\":\"Montage Sven Kleinst\u00fcck\",\"url\":\"https:\/\/montage-sk.de\/\",\"logo\":{\"@type\":\"ImageObject\",\"inLanguage\":\"de\",\"@id\":\"https:\/\/montage-sk.de\/#\/schema\/logo\/image\/\",\"url\":\"https:\/\/montage-sk.de\/wp-content\/uploads\/2023\/01\/cropped-Logo_SKM_klein.png\",\"contentUrl\":\"https:\/\/montage-sk.de\/wp-content\/uploads\/2023\/01\/cropped-Logo_SKM_klein.png\",\"width\":2887,\"height\":966,\"caption\":\"Montage Sven Kleinst\u00fcck\"},\"image\":{\"@id\":\"https:\/\/montage-sk.de\/#\/schema\/logo\/image\/\"}}]}<\/script>\n<!-- \/ Yoast SEO plugin. -->","yoast_head_json":{"title":"Montage Sven Kleinst\u00fcck - Ihr Handwerker in Hamburg","description":"Als selbst\u00e4ndiger Handwerker der Experte rund um die eigenen Vier-W\u00e4nde in und um Hamburg. Malerarbeiten, Fliesenarbeiten & Bodenbel\u00e4ge.","robots":{"index":"index","follow":"follow","max-snippet":"max-snippet:-1","max-image-preview":"max-image-preview:large","max-video-preview":"max-video-preview:-1"},"canonical":"https:\/\/montage-sk.de\/","og_locale":"de_DE","og_type":"article","og_title":"Montage Sven Kleinst\u00fcck - Ihr Handwerker in Hamburg","og_description":"Als selbst\u00e4ndiger Handwerker der Experte rund um die eigenen Vier-W\u00e4nde in und um Hamburg. Malerarbeiten, Fliesenarbeiten & Bodenbel\u00e4ge.","og_url":"https:\/\/montage-sk.de\/","og_site_name":"Montage Sven Kleinst\u00fcck","article_modified_time":"2023-02-27T19:09:33+00:00","og_image":[{"width":900,"height":882,"url":"https:\/\/montage-sk.de\/wp-content\/uploads\/2023\/01\/sven_neu.png","type":"image\/png"}],"twitter_card":"summary_large_image","schema":{"@context":"https:\/\/schema.org","@graph":[{"@type":"WebPage","@id":"https:\/\/montage-sk.de\/","url":"https:\/\/montage-sk.de\/","name":"Montage Sven Kleinst\u00fcck - Ihr Handwerker in Hamburg","isPartOf":{"@id":"https:\/\/montage-sk.de\/#website"},"datePublished":"2023-01-26T15:32:36+00:00","dateModified":"2023-02-27T19:09:33+00:00","description":"Als selbst\u00e4ndiger Handwerker der Experte rund um die eigenen Vier-W\u00e4nde in und um Hamburg. Malerarbeiten, Fliesenarbeiten & Bodenbel\u00e4ge.","breadcrumb":{"@id":"https:\/\/montage-sk.de\/#breadcrumb"},"inLanguage":"de","potentialAction":[{"@type":"ReadAction","target":["https:\/\/montage-sk.de\/"]}]},{"@type":"BreadcrumbList","@id":"https:\/\/montage-sk.de\/#breadcrumb","itemListElement":[{"@type":"ListItem","position":1,"name":"Startseite","item":"https:\/\/montage-sk.de\/"},{"@type":"ListItem","position":2,"name":"Montage SK"}]},{"@type":"WebSite","@id":"https:\/\/montage-sk.de\/#website","url":"https:\/\/montage-sk.de\/","name":"Montage Sven Kleinst\u00fcck","description":"","publisher":{"@id":"https:\/\/montage-sk.de\/#organization"},"potentialAction":[{"@type":"SearchAction","target":{"@type":"EntryPoint","urlTemplate":"https:\/\/montage-sk.de\/?s={search_term_string}"},"query-input":"required name=search_term_string"}],"inLanguage":"de"},{"@type":"Organization","@id":"https:\/\/montage-sk.de\/#organization","name":"Montage Sven Kleinst\u00fcck","url":"https:\/\/montage-sk.de\/","logo":{"@type":"ImageObject","inLanguage":"de","@id":"https:\/\/montage-sk.de\/#\/schema\/logo\/image\/","url":"https:\/\/montage-sk.de\/wp-content\/uploads\/2023\/01\/cropped-Logo_SKM_klein.png","contentUrl":"https:\/\/montage-sk.de\/wp-content\/uploads\/2023\/01\/cropped-Logo_SKM_klein.png","width":2887,"height":966,"caption":"Montage Sven Kleinst\u00fcck"},"image":{"@id":"https:\/\/montage-sk.de\/#\/schema\/logo\/image\/"}}]}},"_links":{"self":[{"href":"https:\/\/montage-sk.de\/index.php?rest_route=\/wp\/v2\/pages\/10"}],"collection":[{"href":"https:\/\/montage-sk.de\/index.php?rest_route=\/wp\/v2\/pages"}],"about":[{"href":"https:\/\/montage-sk.de\/index.php?rest_route=\/wp\/v2\/types\/page"}],"author":[{"embeddable":true,"href":"https:\/\/montage-sk.de\/index.php?rest_route=\/wp\/v2\/users\/1"}],"replies":[{"embeddable":true,"href":"https:\/\/montage-sk.de\/index.php?rest_route=%2Fwp%2Fv2%2Fcomments&post=10"}],"version-history":[{"count":2,"href":"https:\/\/montage-sk.de\/index.php?rest_route=\/wp\/v2\/pages\/10\/revisions"}],"predecessor-version":[{"id":116,"href":"https:\/\/montage-sk.de\/index.php?rest_route=\/wp\/v2\/pages\/10\/revisions\/116"}],"wp:featuredmedia":[{"embeddable":true,"href":"https:\/\/montage-sk.de\/index.php?rest_route=\/wp\/v2\/media\/95"}],"wp:attachment":[{"href":"https:\/\/montage-sk.de\/index.php?rest_route=%2Fwp%2Fv2%2Fmedia&parent=10"}],"curies":[{"name":"wp","href":"https:\/\/api.w.org\/{rel}","templated":true}]}}